{"id":773,"date":"2025-07-10T10:06:09","date_gmt":"2025-07-10T08:06:09","guid":{"rendered":"https:\/\/www.athanaseconsulting.com\/?page_id=773"},"modified":"2025-10-22T14:59:38","modified_gmt":"2025-10-22T12:59:38","slug":"legal-notice","status":"publish","type":"page","link":"https:\/\/www.athanaseconsulting.com\/en\/legal-notice\/","title":{"rendered":"Legal notice"},"content":{"rendered":"\n<h2 class=\"wp-block-heading\"><br>General information<\/h2>\n\n\n\n<p><\/p>\n\n\n\n<p>The website <a href=\"http:\/\/www.athanaseconsulting.com\">www.athanaseconsulting.com<\/a> is published by ATHANASE CONSEIL LRSY, a simplified joint stock company (SAS) registered under number 902 905 637, with its registered office located at 63 rue du Pr\u00e9sident de Gaulle, 85000 La Roche-sur-Yon, France.<br>The Publishing Director is the company ATHANASE CONSEIL LRSY, represented by its legal representatives.<\/p>\n\n\n\n<h2 class=\"wp-block-heading\">Publisher<\/h2>\n\n\n\n<p><\/p>\n\n\n\n<p>The website <a href=\"http:\/\/www.athanaseconsulting.com\">www.athanaseconsulting.com<\/a> is published by ATHANASE CONSEIL LRSY, a simplified joint stock company (SAS) registered under number 902 905 637, with its registered office located at 63 rue du Pr\u00e9sident de Gaulle, 85000 La Roche-sur-Yon, France.<br>The Publishing Director is the company ATHANASE CONSEIL LRSY, represented by its legal representatives.<\/p>\n\n\n\n<h2 class=\"wp-block-heading\">Objectif et qualit\u00e9 des contenus<\/h2>\n\n\n\n<p><\/p>\n\n\n\n<p>Ce site internet a pour objectif de faire d\u00e9couvrir les activit\u00e9s de conseils et les domaines de comp\u00e9tences de ATHANASE CONSULTING.<\/p>\n\n\n\n<h2 class=\"wp-block-heading\">Purpose and Content Quality<\/h2>\n\n\n\n<p><\/p>\n\n\n\n<p>This website aims to present the consulting activities and areas of expertise of ATHANASE CONSULTING.<\/p>\n\n\n\n<p><strong>Intellectual Property and Reproduction Rights<\/strong><\/p>\n\n\n\n<p>This website is the exclusive property of ATHANASE CONSULTING, a company specialized in consulting services.<\/p>\n\n\n\n<p>In accordance with the French Intellectual Property Code and international treaties relating to copyright and trademark protection, any total or partial reproduction, sale, distribution, or representation of this site or its written content is strictly prohibited without prior written authorization from ATHANASE CONSULTING.<\/p>\n\n\n\n<p>All information available on this website \u2014 including service descriptions, photographs, images, texts, data, and functionalities \u2014 is provided for information purposes only and shall not engage the liability of ATHANASE CONSULTING.<\/p>\n\n\n\n<p>ATHANASE CONSULTING cannot be held responsible for any direct or indirect damages resulting from the use of this website or any linked digital service, including but not limited to viruses, Trojan horses, or any other malicious software that could lead to the partial or total loss of data stored on your computer. ATHANASE CONSULTING is not responsible for the content of third-party websites linked via hyperlinks.<\/p>\n\n\n\n<p>Any full or partial reproduction or representation of the pages, data, photos, or any other component of the website, by any means or on any medium whatsoever, without the publisher\u2019s prior authorization, constitutes an infringement.<\/p>\n\n\n\n<h2 class=\"wp-block-heading\"><strong>Hosting<\/strong><\/h2>\n\n\n\n<p><\/p>\n\n\n\n<p>This website is hosted by:<br><br><strong>GANDI SAS<\/strong> (Simplified Joint Stock Company) with a share capital of \u20ac630,000.<br>63-65 Boulevard Mass\u00e9na, Paris (75013), FRANCE.<br>SIREN: 423 093 459 RCS PARIS.<br>Host phone number: +33 (0)1 70 37 76 61<\/p>\n\n\n\n<h2 class=\"wp-block-heading\"><strong>Design &amp; Technical Development<\/strong><\/h2>\n\n\n\n<p><\/p>\n\n\n\n<p>Agency: <strong><a href=\"https:\/\/www.jibeset.fr\/\">Jibe set<\/a><\/strong>.<\/p>\n\n\n\n<hr class=\"wp-block-separator has-alpha-channel-opacity\"\/>\n\n\n\n<p><\/p>\n","protected":false},"excerpt":{"rendered":"<p>General information The website www.athanaseconsulting.com is published by ATHANASE CONSEIL LRSY, a simplified joint stock company (SAS) registered under number 902 905 637, with its registered office located at 63 rue du Pr\u00e9sident de Gaulle, 85000 La Roche-sur-Yon, France.The Publishing Director is the company ATHANASE CONSEIL LRSY, represented by its legal representatives. Publisher The website [&hellip;]<\/p>\n","protected":false},"author":1,"featured_media":0,"parent":0,"menu_order":0,"comment_status":"closed","ping_status":"closed","template":"","meta":{"_acf_changed":false,"footnotes":""},"class_list":["post-773","page","type-page","status-publish","hentry"],"acf":[],"yoast_head":"<!-- This site is optimized with the Yoast SEO plugin v27.3 - https:\/\/yoast.com\/product\/yoast-seo-wordpress\/ -->\n<title>Legal notice - Athanase Consulting<\/title>\n<meta name=\"robots\" content=\"index, follow, max-snippet:-1, max-image-preview:large, max-video-preview:-1\" \/>\n<link rel=\"canonical\" href=\"https:\/\/www.athanaseconsulting.com\/en\/legal-notice\/\" \/>\n<meta property=\"og:locale\" content=\"en_US\" \/>\n<meta property=\"og:type\" content=\"article\" \/>\n<meta property=\"og:title\" content=\"Legal notice - Athanase Consulting\" \/>\n<meta property=\"og:description\" content=\"General information The website www.athanaseconsulting.com is published by ATHANASE CONSEIL LRSY, a simplified joint stock company (SAS) registered under number 902 905 637, with its registered office located at 63 rue du Pr\u00e9sident de Gaulle, 85000 La Roche-sur-Yon, France.The Publishing Director is the company ATHANASE CONSEIL LRSY, represented by its legal representatives. Publisher The website [&hellip;]\" \/>\n<meta property=\"og:url\" content=\"https:\/\/www.athanaseconsulting.com\/en\/legal-notice\/\" \/>\n<meta property=\"og:site_name\" content=\"Athanase Consulting\" \/>\n<meta property=\"article:modified_time\" content=\"2025-10-22T12:59:38+00:00\" \/>\n<meta name=\"twitter:card\" content=\"summary_large_image\" \/>\n<meta name=\"twitter:label1\" content=\"Est. reading time\" \/>\n\t<meta name=\"twitter:data1\" content=\"2 minutes\" \/>\n<script type=\"application\/ld+json\" class=\"yoast-schema-graph\">{\"@context\":\"https:\\\/\\\/schema.org\",\"@graph\":[{\"@type\":\"WebPage\",\"@id\":\"https:\\\/\\\/www.athanaseconsulting.com\\\/en\\\/legal-notice\\\/\",\"url\":\"https:\\\/\\\/www.athanaseconsulting.com\\\/en\\\/legal-notice\\\/\",\"name\":\"Legal notice - Athanase Consulting\",\"isPartOf\":{\"@id\":\"https:\\\/\\\/www.athanaseconsulting.com\\\/#website\"},\"datePublished\":\"2025-07-10T08:06:09+00:00\",\"dateModified\":\"2025-10-22T12:59:38+00:00\",\"breadcrumb\":{\"@id\":\"https:\\\/\\\/www.athanaseconsulting.com\\\/en\\\/legal-notice\\\/#breadcrumb\"},\"inLanguage\":\"en-US\",\"potentialAction\":[{\"@type\":\"ReadAction\",\"target\":[\"https:\\\/\\\/www.athanaseconsulting.com\\\/en\\\/legal-notice\\\/\"]}]},{\"@type\":\"BreadcrumbList\",\"@id\":\"https:\\\/\\\/www.athanaseconsulting.com\\\/en\\\/legal-notice\\\/#breadcrumb\",\"itemListElement\":[{\"@type\":\"ListItem\",\"position\":1,\"name\":\"Accueil\",\"item\":\"https:\\\/\\\/www.athanaseconsulting.com\\\/en\\\/\"},{\"@type\":\"ListItem\",\"position\":2,\"name\":\"Legal notice\"}]},{\"@type\":\"WebSite\",\"@id\":\"https:\\\/\\\/www.athanaseconsulting.com\\\/#website\",\"url\":\"https:\\\/\\\/www.athanaseconsulting.com\\\/\",\"name\":\"Athanase Consulting\",\"description\":\"\",\"potentialAction\":[{\"@type\":\"SearchAction\",\"target\":{\"@type\":\"EntryPoint\",\"urlTemplate\":\"https:\\\/\\\/www.athanaseconsulting.com\\\/?s={search_term_string}\"},\"query-input\":{\"@type\":\"PropertyValueSpecification\",\"valueRequired\":true,\"valueName\":\"search_term_string\"}}],\"inLanguage\":\"en-US\"}]}<\/script>\n<!-- \/ Yoast SEO plugin. -->","yoast_head_json":{"title":"Legal notice - Athanase Consulting","robots":{"index":"index","follow":"follow","max-snippet":"max-snippet:-1","max-image-preview":"max-image-preview:large","max-video-preview":"max-video-preview:-1"},"canonical":"https:\/\/www.athanaseconsulting.com\/en\/legal-notice\/","og_locale":"en_US","og_type":"article","og_title":"Legal notice - Athanase Consulting","og_description":"General information The website www.athanaseconsulting.com is published by ATHANASE CONSEIL LRSY, a simplified joint stock company (SAS) registered under number 902 905 637, with its registered office located at 63 rue du Pr\u00e9sident de Gaulle, 85000 La Roche-sur-Yon, France.The Publishing Director is the company ATHANASE CONSEIL LRSY, represented by its legal representatives. Publisher The website [&hellip;]","og_url":"https:\/\/www.athanaseconsulting.com\/en\/legal-notice\/","og_site_name":"Athanase Consulting","article_modified_time":"2025-10-22T12:59:38+00:00","twitter_card":"summary_large_image","twitter_misc":{"Est. reading time":"2 minutes"},"schema":{"@context":"https:\/\/schema.org","@graph":[{"@type":"WebPage","@id":"https:\/\/www.athanaseconsulting.com\/en\/legal-notice\/","url":"https:\/\/www.athanaseconsulting.com\/en\/legal-notice\/","name":"Legal notice - Athanase Consulting","isPartOf":{"@id":"https:\/\/www.athanaseconsulting.com\/#website"},"datePublished":"2025-07-10T08:06:09+00:00","dateModified":"2025-10-22T12:59:38+00:00","breadcrumb":{"@id":"https:\/\/www.athanaseconsulting.com\/en\/legal-notice\/#breadcrumb"},"inLanguage":"en-US","potentialAction":[{"@type":"ReadAction","target":["https:\/\/www.athanaseconsulting.com\/en\/legal-notice\/"]}]},{"@type":"BreadcrumbList","@id":"https:\/\/www.athanaseconsulting.com\/en\/legal-notice\/#breadcrumb","itemListElement":[{"@type":"ListItem","position":1,"name":"Accueil","item":"https:\/\/www.athanaseconsulting.com\/en\/"},{"@type":"ListItem","position":2,"name":"Legal notice"}]},{"@type":"WebSite","@id":"https:\/\/www.athanaseconsulting.com\/#website","url":"https:\/\/www.athanaseconsulting.com\/","name":"Athanase Consulting","description":"","potentialAction":[{"@type":"SearchAction","target":{"@type":"EntryPoint","urlTemplate":"https:\/\/www.athanaseconsulting.com\/?s={search_term_string}"},"query-input":{"@type":"PropertyValueSpecification","valueRequired":true,"valueName":"search_term_string"}}],"inLanguage":"en-US"}]}},"_links":{"self":[{"href":"https:\/\/www.athanaseconsulting.com\/en\/wp-json\/wp\/v2\/pages\/773","targetHints":{"allow":["GET"]}}],"collection":[{"href":"https:\/\/www.athanaseconsulting.com\/en\/wp-json\/wp\/v2\/pages"}],"about":[{"href":"https:\/\/www.athanaseconsulting.com\/en\/wp-json\/wp\/v2\/types\/page"}],"author":[{"embeddable":true,"href":"https:\/\/www.athanaseconsulting.com\/en\/wp-json\/wp\/v2\/users\/1"}],"replies":[{"embeddable":true,"href":"https:\/\/www.athanaseconsulting.com\/en\/wp-json\/wp\/v2\/comments?post=773"}],"version-history":[{"count":4,"href":"https:\/\/www.athanaseconsulting.com\/en\/wp-json\/wp\/v2\/pages\/773\/revisions"}],"predecessor-version":[{"id":834,"href":"https:\/\/www.athanaseconsulting.com\/en\/wp-json\/wp\/v2\/pages\/773\/revisions\/834"}],"wp:attachment":[{"href":"https:\/\/www.athanaseconsulting.com\/en\/wp-json\/wp\/v2\/media?parent=773"}],"curies":[{"name":"wp","href":"https:\/\/api.w.org\/{rel}","templated":true}]}}